{"id":47,"date":"2025-05-22T15:47:38","date_gmt":"2025-05-22T13:47:38","guid":{"rendered":"https:\/\/frequen-ciel.com\/?page_id=47"},"modified":"2025-05-22T15:47:38","modified_gmt":"2025-05-22T13:47:38","slug":"soin-des-lieux-geobiologie","status":"publish","type":"page","link":"https:\/\/frequen-ciel.com\/index.php\/soin-des-lieux-geobiologie\/","title":{"rendered":"Soin des lieux &#8211; G\u00e9obiologie"},"content":{"rendered":"\n<div class=\"wp-block-cover alignfull is-light\"><span aria-hidden=\"true\" class=\"wp-block-cover__background has-background-dim-0 has-background-dim\" style=\"background-color:#f3f3f3\"><\/span><div class=\"wp-block-cover__inner-container is-layout-constrained wp-block-cover-is-layout-constrained\">\n<div class=\"wp-block-group alignfull is-layout-constrained wp-container-core-group-is-layout-7cffe988 wp-block-group-is-layout-constrained\" style=\"padding-top:180px;padding-bottom:80px\">\n<div class=\"wp-block-columns alignwide is-layout-flex wp-container-core-columns-is-layout-bad5dd0e wp-block-columns-is-layout-flex\">\n<div class=\"wp-block-column is-layout-flow wp-container-core-column-is-layout-1284340a wp-block-column-is-layout-flow\" style=\"padding-right:10px;padding-left:10px;flex-basis:60%\">\n<div class=\"wp-block-group is-content-justification-left is-layout-constrained wp-container-core-group-is-layout-aaf2b7b1 wp-block-group-is-layout-constrained\" style=\"padding-bottom:10px\">\n<h1 class=\"wp-block-heading has-text-color has-link-color wp-elements-49f21c76dc5e8ad60cbc8fccf973c760\" style=\"color:#646764;font-size:1.6rem;font-style:normal;font-weight:300\"><strong>SOIN DES LIEUX  <\/strong><\/h1>\n\n\n\n<h2 class=\"wp-block-heading has-text-color has-link-color has-hedvig-letters-serif-regular-font-family wp-elements-50f34793c59791a725e92353003dc81b\" style=\"color:#242925;font-size:2.6rem\">GEOBIOLOGIE<\/h2>\n\n\n\n<p style=\"margin-top:30px\">D\u00e9finition et int\u00e9r\u00eat<\/p>\n\n\n\n<p>La g\u00e9obiologie est <strong>l&rsquo;\u00e9tude des ph\u00e9nom\u00e8nes<\/strong> qui viennent <strong>perturber l&rsquo;harmonie d&rsquo;un lieu<\/strong> et la <strong>sant\u00e9 des occupants<\/strong> (habitation, bureau, commerce, etc.).<\/p>\n\n\n\n<p>Apr\u00e8s rep\u00e9rage de tout ce qui vient affecter le lieu (courants d&rsquo;eau, failles, chemin\u00e9es cosmo-telluriques, entit\u00e9s, m\u00e9moire des murs, r\u00e9seaux telluriques n\u00e9gatifs de niveaux \u00e9lev\u00e9s&#8230;), le <strong>travail du g\u00e9obiologue consiste ensuite \u00e0 r\u00e9\u00e9quilibrer les \u00e9nergies<\/strong> (neutraliser, supprimer, nettoyer, harmoniser&#8230;), afin de se sentir en parfaite harmonie avec le lieu. C&rsquo;est en \u00e7a que l&rsquo;on parle d&rsquo;un soin du lieu.<\/p>\n\n\n\n<p>L&rsquo;int\u00e9r\u00eat au final d&rsquo;une intervention en g\u00e9obiologie est de <strong>gagner en \u00e9nergie, en bien-\u00eatre, en s\u00e9r\u00e9nit\u00e9, dans un lieu o\u00f9 auparavant on se sentait mal ou fatigu\u00e9, voire \u00e9puis\u00e9.<\/strong> Les diff\u00e9rentes nuisances et zones pathog\u00e8nes du lieu de vie qui font baisser notre taux vibratoire peuvent provoquer \u00e0 long terme des ennuis de sant\u00e9 (maladies chroniques, allergies, troubles du sommeil, voire d\u00e9pression).<\/p>\n\n\n\n<p>Pour <strong>rep\u00e9rer les zones pathog\u00e8nes<\/strong>, j&rsquo;utilise le pendule, les baguettes, et mon propre ressenti. Je me sers \u00e9galement d&rsquo;un appareil qui d\u00e9tecte les ondes basses fr\u00e9quences nuisibles li\u00e9es \u00e0 l&rsquo;installation \u00e9lectrique.<\/p>\n\n\n\n<p>Apr\u00e8s rep\u00e9rage de ces diff\u00e9rentes nuisances, <strong>la correction se fait de diff\u00e9rentes mani\u00e8res<\/strong>, selon les situations.<\/p>\n\n\n\n<p style=\"margin-top:30px\">Je suis \u00e0 l&rsquo;\u00e9coute des messages de <strong>mes Guides qui m&rsquo;indiquent les diff\u00e9rentes probl\u00e9matiques <\/strong>ainsi que la technique d&rsquo;intervention qui sera la plus appropri\u00e9e, selon les \u00e9nergies auxquelles j&rsquo;ai pu \u00eatre initi\u00e9es. En cela on parle de g\u00e9obiologie intuitive, qui s&rsquo;ins\u00e8re, dans la pratique, dans un domaine que l&rsquo;on pourrait appeler <strong>g\u00e9obiologie \u00ab\u00a0sacr\u00e9e\u00a0\u00bb<\/strong>.<\/p>\n<\/div>\n<\/div>\n\n\n\n<div class=\"wp-block-column is-layout-flow wp-block-column-is-layout-flow\" style=\"padding-right:10px;padding-left:10px;flex-basis:40%\">\n<figure class=\"wp-block-image size-full has-custom-border\"><img loading=\"lazy\" decoding=\"async\" width=\"1280\" height=\"960\" src=\"http:\/\/frequen-ciel.com\/wp-content\/uploads\/2025\/05\/02-1.jpg\" alt=\"Xavier Boulet-B\u00e9nac\" class=\"wp-image-35\" style=\"border-radius:16px\" srcset=\"https:\/\/frequen-ciel.com\/wp-content\/uploads\/2025\/05\/02-1.jpg 1280w, https:\/\/frequen-ciel.com\/wp-content\/uploads\/2025\/05\/02-1-300x225.jpg 300w, https:\/\/frequen-ciel.com\/wp-content\/uploads\/2025\/05\/02-1-1024x768.jpg 1024w, https:\/\/frequen-ciel.com\/wp-content\/uploads\/2025\/05\/02-1-768x576.jpg 768w\" sizes=\"auto, (max-width: 1280px) 100vw, 1280px\" \/><\/figure>\n\n\n\n<figure class=\"wp-block-image size-full has-custom-border\"><img loading=\"lazy\" decoding=\"async\" width=\"1280\" height=\"960\" src=\"http:\/\/frequen-ciel.com\/wp-content\/uploads\/2025\/05\/04-1.jpg\" alt=\"\" class=\"wp-image-37\" style=\"border-radius:16px\" srcset=\"https:\/\/frequen-ciel.com\/wp-content\/uploads\/2025\/05\/04-1.jpg 1280w, https:\/\/frequen-ciel.com\/wp-content\/uploads\/2025\/05\/04-1-300x225.jpg 300w, https:\/\/frequen-ciel.com\/wp-content\/uploads\/2025\/05\/04-1-1024x768.jpg 1024w, https:\/\/frequen-ciel.com\/wp-content\/uploads\/2025\/05\/04-1-768x576.jpg 768w\" sizes=\"auto, (max-width: 1280px) 100vw, 1280px\" \/><\/figure>\n\n\n\n<figure class=\"wp-block-image size-full has-custom-border\"><img loading=\"lazy\" decoding=\"async\" width=\"1804\" height=\"1177\" src=\"http:\/\/frequen-ciel.com\/wp-content\/uploads\/2025\/05\/10-1.jpg\" alt=\"\" class=\"wp-image-43\" style=\"border-radius:16px\" srcset=\"https:\/\/frequen-ciel.com\/wp-content\/uploads\/2025\/05\/10-1.jpg 1804w, https:\/\/frequen-ciel.com\/wp-content\/uploads\/2025\/05\/10-1-300x196.jpg 300w, https:\/\/frequen-ciel.com\/wp-content\/uploads\/2025\/05\/10-1-1024x668.jpg 1024w, https:\/\/frequen-ciel.com\/wp-content\/uploads\/2025\/05\/10-1-768x501.jpg 768w, https:\/\/frequen-ciel.com\/wp-content\/uploads\/2025\/05\/10-1-1536x1002.jpg 1536w\" sizes=\"auto, (max-width: 1804px) 100vw, 1804px\" \/><\/figure>\n\n\n\n<figure class=\"wp-block-image size-full has-custom-border\"><img loading=\"lazy\" decoding=\"async\" width=\"1129\" height=\"846\" src=\"http:\/\/frequen-ciel.com\/wp-content\/uploads\/2025\/05\/01-1.jpg\" alt=\"\" class=\"wp-image-33\" style=\"border-radius:16px\" srcset=\"https:\/\/frequen-ciel.com\/wp-content\/uploads\/2025\/05\/01-1.jpg 1129w, https:\/\/frequen-ciel.com\/wp-content\/uploads\/2025\/05\/01-1-300x225.jpg 300w, https:\/\/frequen-ciel.com\/wp-content\/uploads\/2025\/05\/01-1-1024x767.jpg 1024w, https:\/\/frequen-ciel.com\/wp-content\/uploads\/2025\/05\/01-1-768x575.jpg 768w\" sizes=\"auto, (max-width: 1129px) 100vw, 1129px\" \/><\/figure>\n<\/div>\n<\/div>\n<\/div>\n<\/div><\/div>\n","protected":false},"excerpt":{"rendered":"","protected":false},"author":1,"featured_media":0,"parent":0,"menu_order":0,"comment_status":"closed","ping_status":"closed","template":"","meta":{"footnotes":""},"class_list":["post-47","page","type-page","status-publish","hentry"],"_links":{"self":[{"href":"https:\/\/frequen-ciel.com\/index.php\/wp-json\/wp\/v2\/pages\/47","targetHints":{"allow":["GET"]}}],"collection":[{"href":"https:\/\/frequen-ciel.com\/index.php\/wp-json\/wp\/v2\/pages"}],"about":[{"href":"https:\/\/frequen-ciel.com\/index.php\/wp-json\/wp\/v2\/types\/page"}],"author":[{"embeddable":true,"href":"https:\/\/frequen-ciel.com\/index.php\/wp-json\/wp\/v2\/users\/1"}],"replies":[{"embeddable":true,"href":"https:\/\/frequen-ciel.com\/index.php\/wp-json\/wp\/v2\/comments?post=47"}],"version-history":[{"count":1,"href":"https:\/\/frequen-ciel.com\/index.php\/wp-json\/wp\/v2\/pages\/47\/revisions"}],"predecessor-version":[{"id":48,"href":"https:\/\/frequen-ciel.com\/index.php\/wp-json\/wp\/v2\/pages\/47\/revisions\/48"}],"wp:attachment":[{"href":"https:\/\/frequen-ciel.com\/index.php\/wp-json\/wp\/v2\/media?parent=47"}],"curies":[{"name":"wp","href":"https:\/\/api.w.org\/{rel}","templated":true}]}}