{"id":56,"date":"2025-05-22T16:18:26","date_gmt":"2025-05-22T14:18:26","guid":{"rendered":"https:\/\/frequen-ciel.com\/?page_id=56"},"modified":"2025-05-22T16:35:42","modified_gmt":"2025-05-22T14:35:42","slug":"medaillons","status":"publish","type":"page","link":"https:\/\/frequen-ciel.com\/index.php\/medaillons\/","title":{"rendered":"M\u00e9daillons"},"content":{"rendered":"\n<div class=\"wp-block-cover alignfull is-light\"><span aria-hidden=\"true\" class=\"wp-block-cover__background has-background-dim-0 has-background-dim\" style=\"background-color:#f3f3f3\"><\/span><div class=\"wp-block-cover__inner-container is-layout-constrained wp-block-cover-is-layout-constrained\">\n<div class=\"wp-block-group alignfull is-layout-constrained wp-container-core-group-is-layout-7cffe988 wp-block-group-is-layout-constrained\" style=\"padding-top:180px;padding-bottom:80px\">\n<div class=\"wp-block-columns alignwide is-layout-flex wp-container-core-columns-is-layout-bad5dd0e wp-block-columns-is-layout-flex\">\n<div class=\"wp-block-column is-layout-flow wp-container-core-column-is-layout-1284340a wp-block-column-is-layout-flow\" style=\"padding-right:10px;padding-left:10px;flex-basis:60%\">\n<div class=\"wp-block-group is-content-justification-left is-layout-constrained wp-container-core-group-is-layout-aaf2b7b1 wp-block-group-is-layout-constrained\" style=\"padding-bottom:10px\">\n<h6 class=\"wp-block-heading has-text-color has-link-color wp-elements-8af2ad19ed6900cefeaccae3b7bc2adb\" style=\"color:#959e95;font-size:0.9rem;font-style:normal;font-weight:500\"><\/h6>\n\n\n\n<h2 class=\"wp-block-heading has-text-color has-link-color has-hedvig-letters-serif-regular-font-family wp-elements-0ea04710241fc6d56949b26ecc535f9d\" style=\"color:#242925;font-size:2.6rem\">MEDAILLONS VIBRATOIRES<\/h2>\n\n\n\n<p style=\"margin-top:30px\">Le \u00ab&nbsp;pentacle Sacr\u00e9&nbsp;\u00bb est un m\u00e9daillon vibratoire qui agit tel un talisman, que je fabrique moi-m\u00eame de mani\u00e8re artisanale. Les gens le portent au niveau du c\u0153ur avec un collier, ou dans la poche.&nbsp;<\/p>\n\n\n\n<p>Cet objet, une fois activ\u00e9 par une pri\u00e8re qui m&rsquo;est propre (canalis\u00e9e en Ao\u00fbt 2021), \u00ab&nbsp;aura des vertus de gu\u00e9rison, de lib\u00e9ration, d&rsquo;ouverture du c\u0153ur, et de protection. Il permet de plus de contrer les ondes \u00e9lectromagn\u00e9tiques (portable, wifi, compteur \u00e9lectrique) et les \u00e9nergies n\u00e9gatives diverses. Il a pour effet enfin de dynamiser la personne \u00bb.<\/p>\n\n\n\n<p>Il est compos\u00e9 d&rsquo;un cristal de roche (ou quartz), de fines pierres de tourmaline dispos\u00e9es en spirale selon la suite de Fibonacci, de feuilles d&rsquo;or, de cuivre, ainsi que d&rsquo;une figure de g\u00e9om\u00e9trie sacr\u00e9e que j&rsquo;ai dessin\u00e9e moi-m\u00eame, qui m&rsquo;est propre l\u00e0 aussi.<\/p>\n\n\n\n<p>Les Guides pr\u00e9cisent concernant ces pierres (via la canalisation d&rsquo;un th\u00e9rapeute)&nbsp;:<\/p>\n\n\n\n<p>Cristal de roche&nbsp;:<\/p>\n\n\n\n<p>\u00ab&nbsp;Le cristal de roche est quelque chose de pure qui se connecte \u00e0 la puret\u00e9. Il se connecte \u00e0 l&rsquo;\u00e9nergie de la terre et se connecte \u00e9galement aux \u00e9nergies c\u00e9lestes, \u00e0 la lumi\u00e8re divine, cosmique.<\/p>\n\n\n\n<p>Il a la grande particularit\u00e9 de capter et de distribuer une intention, une information. Celle-ci est apport\u00e9e via ma pri\u00e8re d&rsquo;activation. Une fois inform\u00e9, le cristal active et d\u00e9cuple les propri\u00e9t\u00e9s de la Tourmaline et de l&rsquo;or, ainsi que de la figure de g\u00e9om\u00e9trie sacr\u00e9e bien particuli\u00e8re.<\/p>\n\n\n\n<p>Et comme nous avons la vibration du cristal en nous, l&rsquo;activation de ce m\u00e9daillon sacr\u00e9 active notre propre cristal, lui-m\u00eame \u00e9galement reli\u00e9 aux \u00e9nergies cosmo-telluriques (ciel et terre)&nbsp;\u00bb.<\/p>\n\n\n\n<p>Tourmaline noire &nbsp;:<\/p>\n\n\n\n<p>\u00ab&nbsp;La tourmaline noire est en connexion directe avec la terre. Elle a donc la propri\u00e9t\u00e9 de bien ancrer (et limiter le vagabondage mental), mais aussi de prot\u00e9ger. C&rsquo;est elle qui va permettre de contrer les ondes \u00e9lectromagn\u00e9tiques diverses. Avec en plus la vertu de \u00ab&nbsp;nettoyer et d&rsquo;enlever toutes choses qui peuvent \u00eatre n\u00e9gatives sur le plan physique et sur le plan \u00e9th\u00e9rique (de toutes les dimensions).&nbsp;\u00bb<\/p>\n\n\n\n<p>Enfin \u00ab&nbsp;en plus d&rsquo;agir entre autres psychologiquement sur la confiance en soi (en r\u00e9gulant notamment les angoisses et l&rsquo;anxi\u00e9t\u00e9) et la joie de vivre, la tourmaline noire agit physiquement sur le bon fonctionnement du syst\u00e8me digestif ainsi que sur le syst\u00e8me immunitaire&nbsp;\u00bb. \u00c7a tombe bien par les temps qui courent&nbsp;!<\/p>\n\n\n\n<p>L&rsquo;or&nbsp;:<\/p>\n\n\n\n<p>\u00ab&nbsp;L&rsquo;or, c&rsquo;est l&rsquo;\u00e9nergie de la vie, c&rsquo;est la pure lumi\u00e8re Il est connect\u00e9 \u00e0 l&rsquo;\u00e9nergie cosmique comme le cristal.&nbsp;\u00bb<\/p>\n\n\n\n<p>Ces 3 \u00e9l\u00e9ments sont en lien. Il est judicieux de les m\u00e9langer.<\/p>\n\n\n\n<p>Concernant la figure de g\u00e9om\u00e9trie&nbsp;qui m&rsquo;est venue de faire :<\/p>\n\n\n\n<p>\u00ab&nbsp;C&rsquo;est comme un pentagramme, un symbole tr\u00e8s puissant qui va travailler dans le cercle. En r\u00e9activant le symbole de l&rsquo;\u00e9toile \u00e0 5 branches (l&rsquo;eau, l&rsquo;air, la terre, le feu, et&#8230; l&rsquo;amour, la source) \u00e7a renvoie \u00e0 une certaine dimension.<\/p>\n\n\n\n<p>Le symbole de g\u00e9om\u00e9trie est \u00e9galement en lien avec la sagesse. \u00c7a va agir sur la sagesse de l&rsquo;\u00eatre, sur l&rsquo;amour de l&rsquo;\u00eatre, sur la v\u00e9rit\u00e9 de l&rsquo;\u00eatre, sur la justice, et la capacit\u00e9 de l&rsquo;\u00eatre, la bont\u00e9 de l&rsquo;\u00eatre. \u00c7a va d\u00e9velopper les \u00e9nergies que la personne peut avoir en la connectant \u00e0 la source&nbsp;\u00bb.<\/p>\n\n\n\n<p>Enfin \u00ab&nbsp;ce symbole r\u00e9active une m\u00e9moire \u00e9sot\u00e9rique, de qqch de tr\u00e8s lointain. C&rsquo;est un symbole tr\u00e8s puissant. On me dit que c&rsquo;est une forme de puissance, une forme de protection&nbsp;\u00bb.&nbsp;<\/p>\n\n\n\n<p>\u00ab&nbsp;On a un talisman cach\u00e9 dans notre ADN, dans notre corps subtil, dans notre corps quantique ajoutent les Guides (via la canalisation d&rsquo;un th\u00e9rapeute). Cet objet, une fois activ\u00e9, vient le r\u00e9veiller, le r\u00e9v\u00e9ler.&nbsp;\u00bb<\/p>\n\n\n\n<p>Suite \u00e0 la prononciation de la pri\u00e8re d&rsquo;activation, les Guides ont mentionn\u00e9 (via la canalisation d&rsquo;une autre th\u00e9rapeute) qu&rsquo;elle occasionne chez la personne&nbsp;:<\/p>\n\n\n\n<p>\u00ab&nbsp;un tr\u00e8s fort rayonnement au niveau du c\u0153ur occasionnant une ouverture du c\u0153ur et un renforcement de l&rsquo;amour int\u00e9rieur.<\/p>\n\n\n\n<p>Elle permet de plus d&rsquo;\u00eatre align\u00e9 avec son moi sup\u00e9rieur (sa pr\u00e9sence \u00ab&nbsp;Je suis&nbsp;\u00bb), par le rayonnement du coeur. Il y a une connexion qui se met en place dans l&rsquo;amour, une connexion tr\u00e8s douce.<\/p>\n\n\n\n<p>Qui dit connexion \u00e0 l&rsquo;amour, ouverture du c\u0153ur, dit protection et dit gu\u00e9rison. En fait il y a tout.<\/p>\n\n\n\n<p>Notre meilleure protection, c&rsquo;est le c\u0153ur, l&rsquo;ouverture du c\u0153ur. C&rsquo;est l&rsquo;amour.&nbsp;\u00bb&nbsp;<\/p>\n\n\n\n<p>Enfin les Guides ont pr\u00e9cis\u00e9 que c&rsquo;est une pri\u00e8re que j&rsquo;ai \u00ab&nbsp;d\u00e9j\u00e0 utilis\u00e9e et r\u00e9cit\u00e9e pendant tr\u00e8s longtemps&nbsp;\u00bb, dans une vie ant\u00e9rieure appartenant alors \u00e0 un \u00ab&nbsp;peuple am\u00e9rindien (probablement Maya)&nbsp;\u00bb.<\/p>\n\n\n\n<p>Exemple d&rsquo;action du m\u00e9daillon sur certaines personnes&nbsp;:<\/p>\n\n\n\n<p>On constate que le m\u00e9daillon va s&rsquo;adapter \u00e0 chaque \u00eatre et aux particularit\u00e9s des personnes.<\/p>\n\n\n\n<p>Linda : \u00ab&nbsp;elle absorbe moins les \u00e9nergies des autres. Le m\u00e9daillon apporte aussi un bien-\u00eatre&nbsp;\u00bb<\/p>\n\n\n\n<p>Aur\u00e9lie (\u00e0 qui, entre autres, \u00e7a a donn\u00e9 envie de suite d&rsquo;arr\u00eater de fumer):<\/p>\n\n\n\n<p>\u00ab&nbsp;Grande expansion de son aura, amplifie le rayonnement de son aura, du coup attire \u00e0 elle des choses qui vibrent plus hautes.<\/p>\n\n\n\n<p>Augmentation de son taux vibratoire&nbsp;\u00bb<\/p>\n\n\n\n<p>Genevi\u00e8ve&nbsp;: \u00ab&nbsp;Paix de l&rsquo;\u00e2me. Et travail sur l&rsquo;ancrage. \u00c7a la met aussi en accord avec ce qu&rsquo;elle est profond\u00e9ment&nbsp;\u00bb<\/p>\n\n\n\n<p>C\u00e9dric&nbsp;: \u00e7a fait comme un nettoyage. Apporte plus de lucidit\u00e9.<\/p>\n\n\n\n<p>Jean-Baptiste&nbsp;: purification assez sp\u00e9ciale au niveau des \u00e9motions.<\/p>\n\n\n\n<p>J\u00e9r\u00f4me&nbsp;: \u00e7a l&rsquo;am\u00e8ne \u00e0 se canaliser un peu.<\/p>\n\n\n\n<p style=\"margin-top:30px\">Meilleur redistribution de l&rsquo;\u00e9nergie.<\/p>\n<\/div>\n<\/div>\n\n\n\n<div class=\"wp-block-column is-layout-flow wp-block-column-is-layout-flow\" style=\"padding-right:10px;padding-left:10px;flex-basis:40%\">\n<figure class=\"wp-block-image size-full has-custom-border\"><img loading=\"lazy\" decoding=\"async\" width=\"1393\" height=\"1100\" src=\"http:\/\/frequen-ciel.com\/wp-content\/uploads\/2025\/05\/021.jpg\" alt=\"M\u00e9daillon vibratoire\" class=\"wp-image-13\" style=\"border-radius:16px\" srcset=\"https:\/\/frequen-ciel.com\/wp-content\/uploads\/2025\/05\/021.jpg 1393w, https:\/\/frequen-ciel.com\/wp-content\/uploads\/2025\/05\/021-300x237.jpg 300w, https:\/\/frequen-ciel.com\/wp-content\/uploads\/2025\/05\/021-1024x809.jpg 1024w, https:\/\/frequen-ciel.com\/wp-content\/uploads\/2025\/05\/021-768x606.jpg 768w\" sizes=\"auto, (max-width: 1393px) 100vw, 1393px\" \/><\/figure>\n\n\n\n<figure class=\"wp-block-image size-full has-custom-border\"><img loading=\"lazy\" decoding=\"async\" width=\"925\" height=\"970\" src=\"http:\/\/frequen-ciel.com\/wp-content\/uploads\/2025\/05\/011.jpg\" alt=\"m\u00e9daillon vibratoire\" class=\"wp-image-11\" style=\"border-radius:16px\" srcset=\"https:\/\/frequen-ciel.com\/wp-content\/uploads\/2025\/05\/011.jpg 925w, https:\/\/frequen-ciel.com\/wp-content\/uploads\/2025\/05\/011-286x300.jpg 286w, https:\/\/frequen-ciel.com\/wp-content\/uploads\/2025\/05\/011-768x805.jpg 768w\" sizes=\"auto, (max-width: 925px) 100vw, 925px\" \/><\/figure>\n\n\n\n<figure class=\"wp-block-image size-full has-custom-border\"><img loading=\"lazy\" decoding=\"async\" width=\"712\" height=\"394\" src=\"http:\/\/frequen-ciel.com\/wp-content\/uploads\/2025\/05\/031.jpg\" alt=\"\" class=\"wp-image-15\" style=\"border-radius:16px\" srcset=\"https:\/\/frequen-ciel.com\/wp-content\/uploads\/2025\/05\/031.jpg 712w, https:\/\/frequen-ciel.com\/wp-content\/uploads\/2025\/05\/031-300x166.jpg 300w\" sizes=\"auto, (max-width: 712px) 100vw, 712px\" \/><\/figure>\n\n\n\n<figure class=\"wp-block-image size-full has-custom-border\"><img loading=\"lazy\" decoding=\"async\" width=\"1195\" height=\"1157\" src=\"http:\/\/frequen-ciel.com\/wp-content\/uploads\/2025\/05\/061.jpg\" alt=\"\" class=\"wp-image-21\" style=\"border-radius:16px\" srcset=\"https:\/\/frequen-ciel.com\/wp-content\/uploads\/2025\/05\/061.jpg 1195w, https:\/\/frequen-ciel.com\/wp-content\/uploads\/2025\/05\/061-300x290.jpg 300w, https:\/\/frequen-ciel.com\/wp-content\/uploads\/2025\/05\/061-1024x991.jpg 1024w, https:\/\/frequen-ciel.com\/wp-content\/uploads\/2025\/05\/061-768x744.jpg 768w\" sizes=\"auto, (max-width: 1195px) 100vw, 1195px\" \/><\/figure>\n\n\n\n<figure class=\"wp-block-image size-full has-custom-border\"><img loading=\"lazy\" decoding=\"async\" width=\"1742\" height=\"1231\" src=\"http:\/\/frequen-ciel.com\/wp-content\/uploads\/2025\/05\/051.jpg\" alt=\"\" class=\"wp-image-19\" style=\"border-radius:16px\" srcset=\"https:\/\/frequen-ciel.com\/wp-content\/uploads\/2025\/05\/051.jpg 1742w, https:\/\/frequen-ciel.com\/wp-content\/uploads\/2025\/05\/051-300x212.jpg 300w, https:\/\/frequen-ciel.com\/wp-content\/uploads\/2025\/05\/051-1024x724.jpg 1024w, https:\/\/frequen-ciel.com\/wp-content\/uploads\/2025\/05\/051-768x543.jpg 768w, https:\/\/frequen-ciel.com\/wp-content\/uploads\/2025\/05\/051-1536x1085.jpg 1536w\" sizes=\"auto, (max-width: 1742px) 100vw, 1742px\" \/><\/figure>\n\n\n\n<figure class=\"wp-block-image size-full has-custom-border\"><img loading=\"lazy\" decoding=\"async\" width=\"1064\" height=\"1036\" src=\"http:\/\/frequen-ciel.com\/wp-content\/uploads\/2025\/05\/041.jpg\" alt=\"\" class=\"wp-image-17\" style=\"border-radius:16px\" srcset=\"https:\/\/frequen-ciel.com\/wp-content\/uploads\/2025\/05\/041.jpg 1064w, https:\/\/frequen-ciel.com\/wp-content\/uploads\/2025\/05\/041-300x292.jpg 300w, https:\/\/frequen-ciel.com\/wp-content\/uploads\/2025\/05\/041-1024x997.jpg 1024w, https:\/\/frequen-ciel.com\/wp-content\/uploads\/2025\/05\/041-768x748.jpg 768w\" sizes=\"auto, (max-width: 1064px) 100vw, 1064px\" \/><\/figure>\n<\/div>\n<\/div>\n<\/div>\n<\/div><\/div>\n","protected":false},"excerpt":{"rendered":"","protected":false},"author":1,"featured_media":0,"parent":0,"menu_order":0,"comment_status":"closed","ping_status":"closed","template":"","meta":{"footnotes":""},"class_list":["post-56","page","type-page","status-publish","hentry"],"_links":{"self":[{"href":"https:\/\/frequen-ciel.com\/index.php\/wp-json\/wp\/v2\/pages\/56","targetHints":{"allow":["GET"]}}],"collection":[{"href":"https:\/\/frequen-ciel.com\/index.php\/wp-json\/wp\/v2\/pages"}],"about":[{"href":"https:\/\/frequen-ciel.com\/index.php\/wp-json\/wp\/v2\/types\/page"}],"author":[{"embeddable":true,"href":"https:\/\/frequen-ciel.com\/index.php\/wp-json\/wp\/v2\/users\/1"}],"replies":[{"embeddable":true,"href":"https:\/\/frequen-ciel.com\/index.php\/wp-json\/wp\/v2\/comments?post=56"}],"version-history":[{"count":2,"href":"https:\/\/frequen-ciel.com\/index.php\/wp-json\/wp\/v2\/pages\/56\/revisions"}],"predecessor-version":[{"id":67,"href":"https:\/\/frequen-ciel.com\/index.php\/wp-json\/wp\/v2\/pages\/56\/revisions\/67"}],"wp:attachment":[{"href":"https:\/\/frequen-ciel.com\/index.php\/wp-json\/wp\/v2\/media?parent=56"}],"curies":[{"name":"wp","href":"https:\/\/api.w.org\/{rel}","templated":true}]}}