{"id":7,"date":"2025-05-22T15:37:19","date_gmt":"2025-05-22T13:37:19","guid":{"rendered":"https:\/\/frequen-ciel.com\/?page_id=7"},"modified":"2025-05-22T16:51:55","modified_gmt":"2025-05-22T14:51:55","slug":"accueil","status":"publish","type":"page","link":"https:\/\/frequen-ciel.com\/","title":{"rendered":"Accueil"},"content":{"rendered":"\n<div class=\"wp-block-cover alignfull\" style=\"padding-top:2%;min-height:60rem;aspect-ratio:unset;\"><img loading=\"lazy\" decoding=\"async\" width=\"831\" height=\"1024\" class=\"wp-block-cover__image-background wp-image-45 size-large\" alt=\"\" src=\"http:\/\/frequen-ciel.com\/wp-content\/uploads\/2025\/05\/12-1-831x1024.jpg\" data-object-fit=\"cover\" srcset=\"https:\/\/frequen-ciel.com\/wp-content\/uploads\/2025\/05\/12-1-831x1024.jpg 831w, https:\/\/frequen-ciel.com\/wp-content\/uploads\/2025\/05\/12-1-244x300.jpg 244w, https:\/\/frequen-ciel.com\/wp-content\/uploads\/2025\/05\/12-1-768x946.jpg 768w, https:\/\/frequen-ciel.com\/wp-content\/uploads\/2025\/05\/12-1.jpg 1170w\" sizes=\"auto, (max-width: 831px) 100vw, 831px\" \/><span aria-hidden=\"true\" class=\"wp-block-cover__background has-background-dim-0 has-background-dim\" style=\"background-color:#57759c\"><\/span><div class=\"wp-block-cover__inner-container is-layout-constrained wp-container-core-cover-is-layout-ee51f2d2 wp-block-cover-is-layout-constrained\">\n<div class=\"wp-block-group alignwide is-vertical is-content-justification-center is-layout-flex wp-container-core-group-is-layout-b6c1f246 wp-block-group-is-layout-flex\" style=\"min-height:35rem\">\n<div class=\"wp-block-group is-layout-constrained wp-container-core-group-is-layout-1c662c3c wp-block-group-is-layout-constrained\">\n<h3 class=\"wp-block-heading has-text-align-center has-text-color has-hedvig-letters-serif-regular-font-family\" style=\"color:#ffffff;margin-bottom:1rem;font-size:3.9rem;font-style:normal;font-weight:400;line-height:1;text-transform:none\">Soin des lieux &#8211; <br>Soin des personnes<\/h3>\n\n\n\n<div class=\"wp-block-group is-content-justification-center is-layout-constrained wp-container-core-group-is-layout-9b3804fc wp-block-group-is-layout-constrained\" style=\"margin-top:30px\">\n<div class=\"wp-block-buttons is-horizontal is-content-justification-right is-layout-flex wp-container-core-buttons-is-layout-e5324bbf wp-block-buttons-is-layout-flex\" style=\"margin-top:0.21rem\">\n<div class=\"wp-block-button has-custom-width wp-block-button__width-100 is-style-fill\"><a class=\"wp-block-button__link has-text-color has-background has-custom-font-size wp-element-button\" href=\"https:\/\/frequen-ciel.com\/index.php\/contact\/\" style=\"border-style:none;border-width:0px;border-radius:2.5rem;color:#242925;background-color:#ffffff;padding-top:1.1rem;padding-right:0.81rem;padding-bottom:1.1rem;padding-left:0.81rem;font-size:1rem;font-style:normal;font-weight:500;line-height:1;text-transform:capitalize\">Me Joindre<\/a><\/div>\n<\/div>\n<\/div>\n<\/div>\n<\/div>\n<\/div><\/div>\n\n\n\n<h2 class=\"wp-block-heading has-x-large-font-size\"><strong>QUI JE SUIS <\/strong><\/h2>\n\n\n\n<div class=\"wp-block-group is-layout-constrained wp-block-group-is-layout-constrained\">\n<div class=\"wp-block-group is-layout-constrained wp-block-group-is-layout-constrained\">\n<p style=\"font-style:normal;font-weight:300\">Apr\u00e8s avoir parcouru bien des kilom\u00e8tres, bien des territoires pour me rencontrer, pour me retrouver, notamment lors d&rsquo;un <strong>voyage \u00e0 v\u00e9lo durant quelques ann\u00e9es <\/strong>autour de la plan\u00e8te Terre, je me rends \u00e0 l&rsquo;\u00e9vidence de <strong>ma passion pour les \u00e9nergies<\/strong> invisibles et mon int\u00e9r\u00eat marqu\u00e9 pour le soin des lieux et des personnes&#8230;<\/p>\n<\/div>\n<\/div>\n\n\n\n<figure class=\"wp-block-image aligncenter size-full is-resized has-custom-border\"><img loading=\"lazy\" decoding=\"async\" width=\"270\" height=\"321\" src=\"http:\/\/frequen-ciel.com\/wp-content\/uploads\/2025\/05\/011-1.jpg\" alt=\"Xavier Boulet-B\u00e9nac\" class=\"wp-image-34\" style=\"border-radius:20px;width:273px;height:auto\" srcset=\"https:\/\/frequen-ciel.com\/wp-content\/uploads\/2025\/05\/011-1.jpg 270w, https:\/\/frequen-ciel.com\/wp-content\/uploads\/2025\/05\/011-1-252x300.jpg 252w\" sizes=\"auto, (max-width: 270px) 100vw, 270px\" \/><\/figure>\n\n\n\n<p style=\"font-style:normal;font-weight:300\">\u00c0 la faveur d&rsquo;une ouverture graduelle du c\u0153ur \u00e0 soi, aux autres, au vivant, au monde&#8230; apr\u00e8s \u00ab&nbsp;nettoyage personnel\u00bb progressif, initiations et pratiques diverses, je propose des <strong>soins d&rsquo;harmonisation<\/strong>, de <strong>reconnexion des personnes<\/strong> et <strong>de leur lieu de vie<\/strong>, en pr\u00e9sentiel, \u00e0 distance, ou \u00e0 travers mes cr\u00e9ations.<\/p>\n\n\n\n<p style=\"font-style:normal;font-weight:300\">J&rsquo;ensemence, avec bienveillance et compassion, afin que des graines poussent et <strong>que la compl\u00e9tude puisse germer en chacun.<\/strong><\/p>\n\n\n\n<div class=\"wp-block-group alignfull is-layout-constrained wp-container-core-group-is-layout-6c6e7e04 wp-block-group-is-layout-constrained\" style=\"margin-top:0;margin-bottom:0;padding-top:5.51rem;padding-right:2rem;padding-bottom:3rem;padding-left:2rem\">\n<div class=\"wp-block-group is-content-justification-left is-layout-constrained wp-container-core-group-is-layout-e6673fbd wp-block-group-is-layout-constrained\" style=\"margin-bottom:20px\">\n<h2 class=\"wp-block-heading has-text-color has-link-color has-hedvig-letters-serif-regular-font-family wp-elements-4a928c0559c78e9c55878b858e3c800f\" style=\"color:#242925;font-size:2.45rem\"><strong>Ce que je propose<\/strong><\/h2>\n<\/div>\n\n\n\n<div class=\"wp-block-group alignwide is-layout-constrained wp-block-group-is-layout-constrained\" style=\"margin-top:1.01rem\">\n<div class=\"wp-block-columns alignwide is-layout-flex wp-container-core-columns-is-layout-c8164556 wp-block-columns-is-layout-flex\">\n<div class=\"wp-block-column is-content-justification-center is-layout-constrained wp-container-core-column-is-layout-412b4476 wp-block-column-is-layout-constrained\" style=\"padding-bottom:2rem\">\n<div class=\"wp-block-group alignfull is-layout-constrained wp-container-core-group-is-layout-d47d106a wp-block-group-is-layout-constrained\">\n<div class=\"wp-block-cover aligncenter\" style=\"border-radius:40px\"><img loading=\"lazy\" decoding=\"async\" width=\"1280\" height=\"1515\" class=\"wp-block-cover__image-background wp-image-44 size-full\" alt=\"\" src=\"https:\/\/frequen-ciel.com\/wp-content\/uploads\/2025\/05\/11-1.jpg\" style=\"object-position:49% 49%\" data-object-fit=\"cover\" data-object-position=\"49% 49%\" srcset=\"https:\/\/frequen-ciel.com\/wp-content\/uploads\/2025\/05\/11-1.jpg 1280w, https:\/\/frequen-ciel.com\/wp-content\/uploads\/2025\/05\/11-1-253x300.jpg 253w, https:\/\/frequen-ciel.com\/wp-content\/uploads\/2025\/05\/11-1-865x1024.jpg 865w, https:\/\/frequen-ciel.com\/wp-content\/uploads\/2025\/05\/11-1-768x909.jpg 768w\" sizes=\"auto, (max-width: 1280px) 100vw, 1280px\" \/><span aria-hidden=\"true\" class=\"wp-block-cover__background has-background-dim-20 has-background-dim\"><\/span><div class=\"wp-block-cover__inner-container is-layout-flow wp-block-cover-is-layout-flow\">\n<p class=\"has-text-align-center has-background-color has-text-color has-background has-link-color has-large-font-size wp-elements-a81fd00dfbf74abc5eb8bc9f83ebc648\" style=\"background-color:#ffffff5c\"><a href=\"https:\/\/frequen-ciel.com\/index.php\/soin-des-lieux-geobiologie\/\" data-type=\"page\" data-id=\"47\">SOIN DES LIEUX<\/a><\/p>\n<\/div><\/div>\n\n\n\n<h6 class=\"wp-block-heading has-text-align-left has-background-color has-text-color has-background has-hedvig-letters-serif-regular-font-family\" style=\"border-radius:0px;background-color:#ffffff59;font-size:1rem;line-height:1.4;text-decoration:none;text-transform:capitalize\">GEOBIOLOGIE<\/h6>\n<\/div>\n<\/div>\n\n\n\n<div class=\"wp-block-column is-layout-constrained wp-container-core-column-is-layout-a3af4fe5 wp-block-column-is-layout-constrained\" style=\"padding-bottom:2rem\">\n<div class=\"wp-block-group alignfull is-layout-constrained wp-container-core-group-is-layout-1fbaf651 wp-block-group-is-layout-constrained\">\n<div class=\"wp-block-cover aligncenter\" style=\"border-radius:40px\"><img loading=\"lazy\" decoding=\"async\" width=\"1280\" height=\"960\" class=\"wp-block-cover__image-background wp-image-40\" alt=\"\" src=\"http:\/\/frequen-ciel.com\/wp-content\/uploads\/2025\/05\/07-1.jpg\" data-object-fit=\"cover\" srcset=\"https:\/\/frequen-ciel.com\/wp-content\/uploads\/2025\/05\/07-1.jpg 1280w, https:\/\/frequen-ciel.com\/wp-content\/uploads\/2025\/05\/07-1-300x225.jpg 300w, https:\/\/frequen-ciel.com\/wp-content\/uploads\/2025\/05\/07-1-1024x768.jpg 1024w, https:\/\/frequen-ciel.com\/wp-content\/uploads\/2025\/05\/07-1-768x576.jpg 768w\" sizes=\"auto, (max-width: 1280px) 100vw, 1280px\" \/><span aria-hidden=\"true\" class=\"wp-block-cover__background has-background-dim-10 has-background-dim\"><\/span><div class=\"wp-block-cover__inner-container is-layout-flow wp-block-cover-is-layout-flow\">\n<p class=\"has-text-align-center has-background-color has-text-color has-background has-link-color has-large-font-size wp-elements-a6afa56a61cee810ad3630f3c9681867\" style=\"background-color:#ffffff75\"><a href=\"https:\/\/frequen-ciel.com\/index.php\/soin-des-personnes\/\" data-type=\"page\" data-id=\"49\">SOIN DES PERSONNES<\/a><\/p>\n<\/div><\/div>\n\n\n\n<h6 class=\"wp-block-heading has-text-align-left has-background-color has-text-color has-background has-hedvig-letters-serif-regular-font-family\" style=\"background-color:#ffffff75;font-size:1rem;line-height:1.4;text-decoration:none;text-transform:capitalize\">SOIN DES PERSONNES<\/h6>\n<\/div>\n<\/div>\n<\/div>\n<\/div>\n<\/div>\n\n\n\n<div class=\"wp-block-group alignfull is-layout-constrained wp-container-core-group-is-layout-6c6e7e04 wp-block-group-is-layout-constrained\" style=\"margin-top:0;margin-bottom:0;padding-top:5.51rem;padding-right:2rem;padding-bottom:3rem;padding-left:2rem\">\n<div class=\"wp-block-group is-content-justification-left is-layout-constrained wp-container-core-group-is-layout-e6673fbd wp-block-group-is-layout-constrained\" style=\"margin-bottom:20px\">\n<h2 class=\"wp-block-heading has-text-color has-link-color has-hedvig-letters-serif-regular-font-family wp-elements-42ba0dc7b2f9798a7dfce8a6c5855379\" style=\"color:#242925;font-size:2.4rem\"><strong>Mes cr\u00e9ations<\/strong> qui participent aux soins<\/h2>\n<\/div>\n\n\n\n<div class=\"wp-block-group alignwide is-layout-constrained wp-block-group-is-layout-constrained\" style=\"margin-top:1.01rem\">\n<div class=\"wp-block-columns alignwide is-layout-flex wp-container-core-columns-is-layout-c8164556 wp-block-columns-is-layout-flex\">\n<div class=\"wp-block-column is-content-justification-center is-layout-constrained wp-container-core-column-is-layout-412b4476 wp-block-column-is-layout-constrained\" style=\"padding-bottom:2rem\">\n<div class=\"wp-block-group alignfull is-layout-constrained wp-container-core-group-is-layout-d47d106a wp-block-group-is-layout-constrained\">\n<div class=\"wp-block-cover aligncenter\" style=\"border-radius:40px\"><img loading=\"lazy\" decoding=\"async\" width=\"768\" height=\"615\" class=\"wp-block-cover__image-background wp-image-32 size-full\" alt=\"orgonites\" src=\"http:\/\/frequen-ciel.com\/wp-content\/uploads\/2025\/05\/16.jpg\" data-object-fit=\"cover\" srcset=\"https:\/\/frequen-ciel.com\/wp-content\/uploads\/2025\/05\/16.jpg 768w, https:\/\/frequen-ciel.com\/wp-content\/uploads\/2025\/05\/16-300x240.jpg 300w\" sizes=\"auto, (max-width: 768px) 100vw, 768px\" \/><span aria-hidden=\"true\" class=\"wp-block-cover__background has-background-dim-10 has-background-dim\" style=\"background-color:#7f7f5a\"><\/span><div class=\"wp-block-cover__inner-container is-layout-flow wp-block-cover-is-layout-flow\">\n<p class=\"has-text-align-center has-background-color has-text-color has-background has-link-color has-large-font-size wp-elements-68a53d540d9ff66a8030c572f89cded9\" style=\"background-color:#ffffff5c\"><a href=\"https:\/\/frequen-ciel.com\/index.php\/orgonites\/\" data-type=\"page\" data-id=\"54\">ORGONITES<\/a><\/p>\n<\/div><\/div>\n\n\n\n<h6 class=\"wp-block-heading has-text-align-left has-background-color has-text-color has-background has-hedvig-letters-serif-regular-font-family\" style=\"border-radius:0px;background-color:#ffffff59;font-size:1rem;line-height:1.4;text-decoration:none;text-transform:capitalize\">GEOBIOLOGIE<\/h6>\n<\/div>\n<\/div>\n\n\n\n<div class=\"wp-block-column is-layout-constrained wp-container-core-column-is-layout-a3af4fe5 wp-block-column-is-layout-constrained\" style=\"padding-bottom:2rem\">\n<div class=\"wp-block-group alignfull is-layout-constrained wp-container-core-group-is-layout-1fbaf651 wp-block-group-is-layout-constrained\">\n<div class=\"wp-block-cover aligncenter is-light\" style=\"border-radius:40px\"><img loading=\"lazy\" decoding=\"async\" width=\"1393\" height=\"1100\" class=\"wp-block-cover__image-background wp-image-13 size-full\" alt=\"M\u00e9daillon vibratoire\" src=\"http:\/\/frequen-ciel.com\/wp-content\/uploads\/2025\/05\/021.jpg\" data-object-fit=\"cover\" srcset=\"https:\/\/frequen-ciel.com\/wp-content\/uploads\/2025\/05\/021.jpg 1393w, https:\/\/frequen-ciel.com\/wp-content\/uploads\/2025\/05\/021-300x237.jpg 300w, https:\/\/frequen-ciel.com\/wp-content\/uploads\/2025\/05\/021-1024x809.jpg 1024w, https:\/\/frequen-ciel.com\/wp-content\/uploads\/2025\/05\/021-768x606.jpg 768w\" sizes=\"auto, (max-width: 1393px) 100vw, 1393px\" \/><span aria-hidden=\"true\" class=\"wp-block-cover__background has-background-dim-0 has-background-dim\" style=\"background-color:#b3877f\"><\/span><div class=\"wp-block-cover__inner-container is-layout-flow wp-block-cover-is-layout-flow\">\n<p class=\"has-text-align-center has-foreground-color has-text-color has-background has-link-color wp-elements-9a0961cd8ea083fc44550fdec923c792\" style=\"background-color:#ffffff7a;font-size:1.6rem\"><a href=\"https:\/\/frequen-ciel.com\/index.php\/medaillons\/\" data-type=\"page\" data-id=\"56\">MEDAILLONS VIBRATOIRES<\/a><\/p>\n<\/div><\/div>\n\n\n\n<h6 class=\"wp-block-heading has-text-align-left has-background-color has-text-color has-background has-hedvig-letters-serif-regular-font-family\" style=\"background-color:#ffffff75;font-size:1rem;line-height:1.4;text-decoration:none;text-transform:capitalize\">SOIN DES PERSONNES<\/h6>\n<\/div>\n<\/div>\n<\/div>\n<\/div>\n<\/div>\n\n\n\n<div class=\"wp-block-cover alignfull is-light\"><span aria-hidden=\"true\" class=\"wp-block-cover__background has-background-dim-100 has-background-dim\" style=\"background-color:#f3f3f3\"><\/span><div class=\"wp-block-cover__inner-container is-layout-constrained wp-container-core-cover-is-layout-4383d167 wp-block-cover-is-layout-constrained\">\n<div class=\"wp-block-group alignfull is-layout-constrained wp-container-core-group-is-layout-0117c4cf wp-block-group-is-layout-constrained\" style=\"padding-top:80px;padding-bottom:80px\">\n<div class=\"wp-block-columns alignwide is-layout-flex wp-container-core-columns-is-layout-28f84493 wp-block-columns-is-layout-flex\">\n<div class=\"wp-block-column is-layout-flow wp-block-column-is-layout-flow\" style=\"padding-right:10px;padding-left:10px;flex-basis:50%\">\n<div class=\"wp-block-group is-content-justification-center is-nowrap is-layout-flex wp-container-core-group-is-layout-23441af8 wp-block-group-is-layout-flex\">\n<div class=\"wp-block-group is-content-justification-left is-layout-constrained wp-container-core-group-is-layout-664c02a5 wp-block-group-is-layout-constrained\" style=\"padding-bottom:10px\">\n<h2 class=\"wp-block-heading has-text-color has-link-color has-hedvig-letters-serif-regular-font-family wp-elements-e335781f3738e9ada31fc74c60de2033\" style=\"color:#242925\">Bonjour, bonjour !<\/h2>\n\n\n\n<p>Je vous souhaite la bienvenue sur mon site. <\/p>\n\n\n\n<p>Vous pouvez me contacter au 06.43.30.70.57<\/p>\n\n\n\n<p>ou par mail <a href=\"mailto:xavier.bouletbenac@gmail.com\">xavier.bouletbenac@gmail.com<\/a><\/p>\n\n\n\n<div class=\"wp-block-buttons is-horizontal is-content-justification-left is-layout-flex wp-container-core-buttons-is-layout-4160120e wp-block-buttons-is-layout-flex\" style=\"margin-top:30px\">\n<div class=\"wp-block-button is-style-outline is-style-outline--1\"><a class=\"wp-block-button__link has-text-color has-border-color has-work-sans-regular-font-family has-custom-font-size wp-element-button\" href=\"https:\/\/frequen-ciel.com\/index.php\/contact\/\" style=\"border-color:#242925;border-style:solid;border-width:1px;border-radius:2.5rem;color:#242925;padding-top:1.1rem;padding-right:40px;padding-bottom:1.1rem;padding-left:40px;font-size:1rem;font-style:normal;font-weight:700;line-height:1;text-transform:capitalize\">M&rsquo;\u00e9crire<\/a><\/div>\n<\/div>\n<\/div>\n<\/div>\n<\/div>\n\n\n\n<div class=\"wp-block-column is-layout-flow wp-block-column-is-layout-flow\" style=\"padding-right:10px;padding-left:10px;flex-basis:50%\">\n<figure class=\"wp-block-image aligncenter size-full has-custom-border\"><img loading=\"lazy\" decoding=\"async\" width=\"1800\" height=\"842\" src=\"http:\/\/frequen-ciel.com\/wp-content\/uploads\/2025\/05\/09-1.jpg\" alt=\"\" class=\"wp-image-42\" style=\"border-radius:16px;aspect-ratio:4\/3;object-fit:cover\" srcset=\"https:\/\/frequen-ciel.com\/wp-content\/uploads\/2025\/05\/09-1.jpg 1800w, https:\/\/frequen-ciel.com\/wp-content\/uploads\/2025\/05\/09-1-300x140.jpg 300w, https:\/\/frequen-ciel.com\/wp-content\/uploads\/2025\/05\/09-1-1024x479.jpg 1024w, https:\/\/frequen-ciel.com\/wp-content\/uploads\/2025\/05\/09-1-768x359.jpg 768w, https:\/\/frequen-ciel.com\/wp-content\/uploads\/2025\/05\/09-1-1536x719.jpg 1536w\" sizes=\"auto, (max-width: 1800px) 100vw, 1800px\" \/><\/figure>\n<\/div>\n<\/div>\n<\/div>\n<\/div><\/div>\n\n\n\n<p><\/p>\n","protected":false},"excerpt":{"rendered":"<p>QUI JE SUIS Apr\u00e8s avoir parcouru bien des kilom\u00e8tres, bien des territoires pour me rencontrer, pour me retrouver, notamment lors d&rsquo;un voyage \u00e0 v\u00e9lo durant quelques ann\u00e9es autour de la plan\u00e8te Terre, je me rends \u00e0 l&rsquo;\u00e9vidence de ma passion pour les \u00e9nergies invisibles et mon int\u00e9r\u00eat marqu\u00e9 pour le soin des lieux et des [&hellip;]<\/p>\n","protected":false},"author":1,"featured_media":0,"parent":0,"menu_order":0,"comment_status":"closed","ping_status":"closed","template":"","meta":{"footnotes":""},"class_list":["post-7","page","type-page","status-publish","hentry"],"_links":{"self":[{"href":"https:\/\/frequen-ciel.com\/index.php\/wp-json\/wp\/v2\/pages\/7","targetHints":{"allow":["GET"]}}],"collection":[{"href":"https:\/\/frequen-ciel.com\/index.php\/wp-json\/wp\/v2\/pages"}],"about":[{"href":"https:\/\/frequen-ciel.com\/index.php\/wp-json\/wp\/v2\/types\/page"}],"author":[{"embeddable":true,"href":"https:\/\/frequen-ciel.com\/index.php\/wp-json\/wp\/v2\/users\/1"}],"replies":[{"embeddable":true,"href":"https:\/\/frequen-ciel.com\/index.php\/wp-json\/wp\/v2\/comments?post=7"}],"version-history":[{"count":10,"href":"https:\/\/frequen-ciel.com\/index.php\/wp-json\/wp\/v2\/pages\/7\/revisions"}],"predecessor-version":[{"id":80,"href":"https:\/\/frequen-ciel.com\/index.php\/wp-json\/wp\/v2\/pages\/7\/revisions\/80"}],"wp:attachment":[{"href":"https:\/\/frequen-ciel.com\/index.php\/wp-json\/wp\/v2\/media?parent=7"}],"curies":[{"name":"wp","href":"https:\/\/api.w.org\/{rel}","templated":true}]}}